{"id":9512,"date":"2024-10-16T08:46:09","date_gmt":"2024-10-16T11:46:09","guid":{"rendered":"https:\/\/firefly.aero\/?page_id=9512"},"modified":"2025-05-15T11:23:01","modified_gmt":"2025-05-15T14:23:01","slug":"fotografias","status":"publish","type":"page","link":"https:\/\/firefly.aero\/index.php\/fotografias\/","title":{"rendered":"Fotograf\u00edas"},"content":{"rendered":"<section class=\"l-section wpb_row us_custom_e6a0a361 height_auto width_full\"><div class=\"l-section-h i-cf\"><div class=\"g-cols vc_row via_flex valign_top type_default stacking_default\"><div class=\"vc_col-sm-2 wpb_column vc_column_container\"><div class=\"vc_column-inner\"><div class=\"wpb_wrapper\"><\/div><\/div><\/div><div class=\"vc_col-sm-8 wpb_column vc_column_container\"><div class=\"vc_column-inner\"><div class=\"wpb_wrapper\"><div class=\"w-vwrapper us_custom_bf2b7e1a titulo-envoltura align_center valign_middle\"><div class=\"w-separator hide_on_tablets hide_on_mobiles size_huge\"><\/div><div class=\"wpb_text_column us_custom_32365f49 has_text_color\"><div class=\"wpb_wrapper\"><p style=\"text-align: center;\">GALER\u00cdA<\/p>\n<\/div><\/div><div class=\"w-separator hide_on_tablets hide_on_mobiles size_custom\" style=\"height:1rem\"><\/div><div class=\"w-btn-wrapper align_center\"><a class=\"w-btn us-btn-style_1\" href=\"https:\/\/firefly.aero\/index.php\/reserva\/\"><span class=\"w-btn-label\">RESERVA<\/span><\/a><\/div><\/div><\/div><\/div><\/div><div class=\"vc_col-sm-2 wpb_column vc_column_container\"><div class=\"vc_column-inner\"><div class=\"wpb_wrapper\"><\/div><\/div><\/div><\/div><\/div><\/section><section class=\"l-section wpb_row us_custom_68a650e9 height_custom full_height valign_center\"><div class=\"l-section-h i-cf\"><div class=\"g-cols vc_row via_flex valign_top type_default stacking_default\"><div class=\"vc_col-sm-12 wpb_column vc_column_container\"><div class=\"vc_column-inner\"><div class=\"wpb_wrapper\"><div class=\"w-gallery fit_cover type_grid ratio_1x1 count_20\" style=\"--columns:4;--items-gap:10px;\"><div class=\"w-gallery-list\"><div class=\"w-gallery-item\"><div class=\"w-gallery-item-img\"><img loading=\"lazy\" decoding=\"async\" width=\"768\" height=\"513\" src=\"https:\/\/firefly.aero\/wp-content\/uploads\/2024\/10\/gl-firefly-pasajeros-montana-03.jpg\" class=\"attachment-large size-large\" alt=\"\" srcset=\"https:\/\/firefly.aero\/wp-content\/uploads\/2024\/10\/gl-firefly-pasajeros-montana-03.jpg 768w, https:\/\/firefly.aero\/wp-content\/uploads\/2024\/10\/gl-firefly-pasajeros-montana-03-600x401.jpg 600w, https:\/\/firefly.aero\/wp-content\/uploads\/2024\/10\/gl-firefly-pasajeros-montana-03-300x200.jpg 300w\" sizes=\"auto, (max-width: 768px) 100vw, 768px\" \/><\/div><\/div><div class=\"w-gallery-item\"><div class=\"w-gallery-item-img\"><img loading=\"lazy\" decoding=\"async\" width=\"768\" height=\"513\" src=\"https:\/\/firefly.aero\/wp-content\/uploads\/2024\/10\/gl-firefly-pasajeros-montana-02.jpg\" class=\"attachment-large size-large\" alt=\"\" srcset=\"https:\/\/firefly.aero\/wp-content\/uploads\/2024\/10\/gl-firefly-pasajeros-montana-02.jpg 768w, https:\/\/firefly.aero\/wp-content\/uploads\/2024\/10\/gl-firefly-pasajeros-montana-02-600x401.jpg 600w, https:\/\/firefly.aero\/wp-content\/uploads\/2024\/10\/gl-firefly-pasajeros-montana-02-300x200.jpg 300w\" sizes=\"auto, (max-width: 768px) 100vw, 768px\" \/><\/div><\/div><div class=\"w-gallery-item\"><div class=\"w-gallery-item-img\"><img loading=\"lazy\" decoding=\"async\" width=\"768\" height=\"513\" src=\"https:\/\/firefly.aero\/wp-content\/uploads\/2024\/10\/gl-firefly-pasajeros-montana.jpg\" class=\"attachment-large size-large\" alt=\"\" srcset=\"https:\/\/firefly.aero\/wp-content\/uploads\/2024\/10\/gl-firefly-pasajeros-montana.jpg 768w, https:\/\/firefly.aero\/wp-content\/uploads\/2024\/10\/gl-firefly-pasajeros-montana-600x401.jpg 600w, https:\/\/firefly.aero\/wp-content\/uploads\/2024\/10\/gl-firefly-pasajeros-montana-300x200.jpg 300w\" sizes=\"auto, (max-width: 768px) 100vw, 768px\" \/><\/div><\/div><div class=\"w-gallery-item\"><div class=\"w-gallery-item-img\"><img loading=\"lazy\" decoding=\"async\" width=\"768\" height=\"513\" src=\"https:\/\/firefly.aero\/wp-content\/uploads\/2024\/10\/gl-firefly-pasajero.jpg\" class=\"attachment-large size-large\" alt=\"\" srcset=\"https:\/\/firefly.aero\/wp-content\/uploads\/2024\/10\/gl-firefly-pasajero.jpg 768w, https:\/\/firefly.aero\/wp-content\/uploads\/2024\/10\/gl-firefly-pasajero-600x401.jpg 600w, https:\/\/firefly.aero\/wp-content\/uploads\/2024\/10\/gl-firefly-pasajero-300x200.jpg 300w\" sizes=\"auto, (max-width: 768px) 100vw, 768px\" \/><\/div><\/div><div class=\"w-gallery-item\"><div class=\"w-gallery-item-img\"><img loading=\"lazy\" decoding=\"async\" width=\"768\" height=\"513\" src=\"https:\/\/firefly.aero\/wp-content\/uploads\/2024\/10\/gl-firefly-pasajeros-nieve.jpg\" class=\"attachment-large size-large\" alt=\"\" srcset=\"https:\/\/firefly.aero\/wp-content\/uploads\/2024\/10\/gl-firefly-pasajeros-nieve.jpg 768w, https:\/\/firefly.aero\/wp-content\/uploads\/2024\/10\/gl-firefly-pasajeros-nieve-600x401.jpg 600w, https:\/\/firefly.aero\/wp-content\/uploads\/2024\/10\/gl-firefly-pasajeros-nieve-300x200.jpg 300w\" sizes=\"auto, (max-width: 768px) 100vw, 768px\" \/><\/div><\/div><div class=\"w-gallery-item\"><div class=\"w-gallery-item-img\"><img loading=\"lazy\" decoding=\"async\" width=\"768\" height=\"513\" src=\"https:\/\/firefly.aero\/wp-content\/uploads\/2024\/10\/gl-firefly-vuelo.jpg\" class=\"attachment-large size-large\" alt=\"\" srcset=\"https:\/\/firefly.aero\/wp-content\/uploads\/2024\/10\/gl-firefly-vuelo.jpg 768w, https:\/\/firefly.aero\/wp-content\/uploads\/2024\/10\/gl-firefly-vuelo-600x401.jpg 600w, https:\/\/firefly.aero\/wp-content\/uploads\/2024\/10\/gl-firefly-vuelo-300x200.jpg 300w\" sizes=\"auto, (max-width: 768px) 100vw, 768px\" \/><\/div><\/div><div class=\"w-gallery-item\"><div class=\"w-gallery-item-img\"><img loading=\"lazy\" decoding=\"async\" width=\"768\" height=\"513\" src=\"https:\/\/firefly.aero\/wp-content\/uploads\/2024\/10\/gl-firefly-valle-02.jpg\" class=\"attachment-large size-large\" alt=\"\" srcset=\"https:\/\/firefly.aero\/wp-content\/uploads\/2024\/10\/gl-firefly-valle-02.jpg 768w, https:\/\/firefly.aero\/wp-content\/uploads\/2024\/10\/gl-firefly-valle-02-600x401.jpg 600w, https:\/\/firefly.aero\/wp-content\/uploads\/2024\/10\/gl-firefly-valle-02-300x200.jpg 300w\" sizes=\"auto, (max-width: 768px) 100vw, 768px\" \/><\/div><\/div><div class=\"w-gallery-item\"><div class=\"w-gallery-item-img\"><img loading=\"lazy\" decoding=\"async\" width=\"768\" height=\"513\" src=\"https:\/\/firefly.aero\/wp-content\/uploads\/2024\/10\/gl-firefly-valle.jpg\" class=\"attachment-large size-large\" alt=\"\" srcset=\"https:\/\/firefly.aero\/wp-content\/uploads\/2024\/10\/gl-firefly-valle.jpg 768w, https:\/\/firefly.aero\/wp-content\/uploads\/2024\/10\/gl-firefly-valle-600x401.jpg 600w, https:\/\/firefly.aero\/wp-content\/uploads\/2024\/10\/gl-firefly-valle-300x200.jpg 300w\" sizes=\"auto, (max-width: 768px) 100vw, 768px\" \/><\/div><\/div><div class=\"w-gallery-item\"><div class=\"w-gallery-item-img\"><img loading=\"lazy\" decoding=\"async\" width=\"768\" height=\"513\" src=\"https:\/\/firefly.aero\/wp-content\/uploads\/2024\/10\/gl-firefly-trabajos-aereos.jpg\" class=\"attachment-large size-large\" alt=\"\" srcset=\"https:\/\/firefly.aero\/wp-content\/uploads\/2024\/10\/gl-firefly-trabajos-aereos.jpg 768w, https:\/\/firefly.aero\/wp-content\/uploads\/2024\/10\/gl-firefly-trabajos-aereos-600x401.jpg 600w, https:\/\/firefly.aero\/wp-content\/uploads\/2024\/10\/gl-firefly-trabajos-aereos-300x200.jpg 300w\" sizes=\"auto, (max-width: 768px) 100vw, 768px\" \/><\/div><\/div><div class=\"w-gallery-item\"><div class=\"w-gallery-item-img\"><img loading=\"lazy\" decoding=\"async\" width=\"768\" height=\"513\" src=\"https:\/\/firefly.aero\/wp-content\/uploads\/2024\/10\/gl-firefly-norte.jpg\" class=\"attachment-large size-large\" alt=\"\" srcset=\"https:\/\/firefly.aero\/wp-content\/uploads\/2024\/10\/gl-firefly-norte.jpg 768w, https:\/\/firefly.aero\/wp-content\/uploads\/2024\/10\/gl-firefly-norte-600x401.jpg 600w, https:\/\/firefly.aero\/wp-content\/uploads\/2024\/10\/gl-firefly-norte-300x200.jpg 300w\" sizes=\"auto, (max-width: 768px) 100vw, 768px\" \/><\/div><\/div><div class=\"w-gallery-item\"><div class=\"w-gallery-item-img\"><img loading=\"lazy\" decoding=\"async\" width=\"768\" height=\"513\" src=\"https:\/\/firefly.aero\/wp-content\/uploads\/2024\/10\/gl-firefly-nieve.jpg\" class=\"attachment-large size-large\" alt=\"\" srcset=\"https:\/\/firefly.aero\/wp-content\/uploads\/2024\/10\/gl-firefly-nieve.jpg 768w, https:\/\/firefly.aero\/wp-content\/uploads\/2024\/10\/gl-firefly-nieve-600x401.jpg 600w, https:\/\/firefly.aero\/wp-content\/uploads\/2024\/10\/gl-firefly-nieve-300x200.jpg 300w\" sizes=\"auto, (max-width: 768px) 100vw, 768px\" \/><\/div><\/div><div class=\"w-gallery-item\"><div class=\"w-gallery-item-img\"><img loading=\"lazy\" decoding=\"async\" width=\"768\" height=\"513\" src=\"https:\/\/firefly.aero\/wp-content\/uploads\/2024\/10\/gl-firefly-helipuerto-valle.jpg\" class=\"attachment-large size-large\" alt=\"\" srcset=\"https:\/\/firefly.aero\/wp-content\/uploads\/2024\/10\/gl-firefly-helipuerto-valle.jpg 768w, https:\/\/firefly.aero\/wp-content\/uploads\/2024\/10\/gl-firefly-helipuerto-valle-600x401.jpg 600w, https:\/\/firefly.aero\/wp-content\/uploads\/2024\/10\/gl-firefly-helipuerto-valle-300x200.jpg 300w\" sizes=\"auto, (max-width: 768px) 100vw, 768px\" \/><\/div><\/div><div class=\"w-gallery-item\"><div class=\"w-gallery-item-img\"><img loading=\"lazy\" decoding=\"async\" width=\"768\" height=\"513\" src=\"https:\/\/firefly.aero\/wp-content\/uploads\/2024\/10\/gl-firefly-helipuerto-resort.jpg\" class=\"attachment-large size-large\" alt=\"\" srcset=\"https:\/\/firefly.aero\/wp-content\/uploads\/2024\/10\/gl-firefly-helipuerto-resort.jpg 768w, https:\/\/firefly.aero\/wp-content\/uploads\/2024\/10\/gl-firefly-helipuerto-resort-600x401.jpg 600w, https:\/\/firefly.aero\/wp-content\/uploads\/2024\/10\/gl-firefly-helipuerto-resort-300x200.jpg 300w\" sizes=\"auto, (max-width: 768px) 100vw, 768px\" \/><\/div><\/div><div class=\"w-gallery-item\"><div class=\"w-gallery-item-img\"><img loading=\"lazy\" decoding=\"async\" width=\"768\" height=\"513\" src=\"https:\/\/firefly.aero\/wp-content\/uploads\/2024\/10\/gl-firefly-helipuerto-nieve.jpg\" class=\"attachment-large size-large\" alt=\"\" srcset=\"https:\/\/firefly.aero\/wp-content\/uploads\/2024\/10\/gl-firefly-helipuerto-nieve.jpg 768w, https:\/\/firefly.aero\/wp-content\/uploads\/2024\/10\/gl-firefly-helipuerto-nieve-600x401.jpg 600w, https:\/\/firefly.aero\/wp-content\/uploads\/2024\/10\/gl-firefly-helipuerto-nieve-300x200.jpg 300w\" sizes=\"auto, (max-width: 768px) 100vw, 768px\" \/><\/div><\/div><div class=\"w-gallery-item\"><div class=\"w-gallery-item-img\"><img loading=\"lazy\" decoding=\"async\" width=\"768\" height=\"513\" src=\"https:\/\/firefly.aero\/wp-content\/uploads\/2024\/10\/gl-firefly-helipuerto-centro-sky.jpg\" class=\"attachment-large size-large\" alt=\"\" srcset=\"https:\/\/firefly.aero\/wp-content\/uploads\/2024\/10\/gl-firefly-helipuerto-centro-sky.jpg 768w, https:\/\/firefly.aero\/wp-content\/uploads\/2024\/10\/gl-firefly-helipuerto-centro-sky-600x401.jpg 600w, https:\/\/firefly.aero\/wp-content\/uploads\/2024\/10\/gl-firefly-helipuerto-centro-sky-300x200.jpg 300w\" sizes=\"auto, (max-width: 768px) 100vw, 768px\" \/><\/div><\/div><div class=\"w-gallery-item\"><div class=\"w-gallery-item-img\"><img loading=\"lazy\" decoding=\"async\" width=\"768\" height=\"513\" src=\"https:\/\/firefly.aero\/wp-content\/uploads\/2024\/10\/gl-firefly-flota-valle.jpg\" class=\"attachment-large size-large\" alt=\"\" srcset=\"https:\/\/firefly.aero\/wp-content\/uploads\/2024\/10\/gl-firefly-flota-valle.jpg 768w, https:\/\/firefly.aero\/wp-content\/uploads\/2024\/10\/gl-firefly-flota-valle-600x401.jpg 600w, https:\/\/firefly.aero\/wp-content\/uploads\/2024\/10\/gl-firefly-flota-valle-300x200.jpg 300w\" sizes=\"auto, (max-width: 768px) 100vw, 768px\" \/><\/div><\/div><div class=\"w-gallery-item\"><div class=\"w-gallery-item-img\"><img loading=\"lazy\" decoding=\"async\" width=\"768\" height=\"513\" src=\"https:\/\/firefly.aero\/wp-content\/uploads\/2024\/10\/gl-firefly-flota-nieve-despegar.jpg\" class=\"attachment-large size-large\" alt=\"\" srcset=\"https:\/\/firefly.aero\/wp-content\/uploads\/2024\/10\/gl-firefly-flota-nieve-despegar.jpg 768w, https:\/\/firefly.aero\/wp-content\/uploads\/2024\/10\/gl-firefly-flota-nieve-despegar-600x401.jpg 600w, https:\/\/firefly.aero\/wp-content\/uploads\/2024\/10\/gl-firefly-flota-nieve-despegar-300x200.jpg 300w\" sizes=\"auto, (max-width: 768px) 100vw, 768px\" \/><\/div><\/div><div class=\"w-gallery-item\"><div class=\"w-gallery-item-img\"><img loading=\"lazy\" decoding=\"async\" width=\"768\" height=\"513\" src=\"https:\/\/firefly.aero\/wp-content\/uploads\/2024\/10\/gl-firefly-flota-nieve.jpg\" class=\"attachment-large size-large\" alt=\"\" srcset=\"https:\/\/firefly.aero\/wp-content\/uploads\/2024\/10\/gl-firefly-flota-nieve.jpg 768w, https:\/\/firefly.aero\/wp-content\/uploads\/2024\/10\/gl-firefly-flota-nieve-600x401.jpg 600w, https:\/\/firefly.aero\/wp-content\/uploads\/2024\/10\/gl-firefly-flota-nieve-300x200.jpg 300w\" sizes=\"auto, (max-width: 768px) 100vw, 768px\" \/><\/div><\/div><div class=\"w-gallery-item\"><div class=\"w-gallery-item-img\"><img loading=\"lazy\" decoding=\"async\" width=\"768\" height=\"513\" src=\"https:\/\/firefly.aero\/wp-content\/uploads\/2024\/10\/gl-firefly-desierto.jpg\" class=\"attachment-large size-large\" alt=\"\" srcset=\"https:\/\/firefly.aero\/wp-content\/uploads\/2024\/10\/gl-firefly-desierto.jpg 768w, https:\/\/firefly.aero\/wp-content\/uploads\/2024\/10\/gl-firefly-desierto-600x401.jpg 600w, https:\/\/firefly.aero\/wp-content\/uploads\/2024\/10\/gl-firefly-desierto-300x200.jpg 300w\" sizes=\"auto, (max-width: 768px) 100vw, 768px\" \/><\/div><\/div><div class=\"w-gallery-item\"><div class=\"w-gallery-item-img\"><img loading=\"lazy\" decoding=\"async\" width=\"768\" height=\"513\" src=\"https:\/\/firefly.aero\/wp-content\/uploads\/2024\/10\/gl-firefly-hlipuerto.jpg\" class=\"attachment-large size-large\" alt=\"\" srcset=\"https:\/\/firefly.aero\/wp-content\/uploads\/2024\/10\/gl-firefly-hlipuerto.jpg 768w, https:\/\/firefly.aero\/wp-content\/uploads\/2024\/10\/gl-firefly-hlipuerto-600x401.jpg 600w, https:\/\/firefly.aero\/wp-content\/uploads\/2024\/10\/gl-firefly-hlipuerto-300x200.jpg 300w\" sizes=\"auto, (max-width: 768px) 100vw, 768px\" \/><\/div><\/div><\/div><\/div><\/div><\/div><\/div><\/div><\/div><\/section><section class=\"l-section wpb_row us_custom_6e5142d4 height_custom width_full\"><div class=\"l-section-h i-cf\"><div class=\"g-cols vc_row via_flex valign_top type_default stacking_default\"><div class=\"vc_col-sm-12 wpb_column vc_column_container\"><div class=\"vc_column-inner\"><div class=\"wpb_wrapper\"><div class=\"wpb_text_column us_custom_79d8936f has_text_color\"><div class=\"wpb_wrapper\"><p style=\"text-align: center;\">INFORMACI\u00d3N Y RESERVAS<\/p>\n<\/div><\/div><div class=\"w-separator size_small\"><\/div><div class=\"w-btn-wrapper align_center\"><a class=\"w-btn us-btn-style_16 us_custom_cb6a3328\" href=\"https:\/\/firefly.aero\/index.php\/reserva\/\"><span class=\"w-btn-label\">Aqu\u00ed<\/span><\/a><\/div><\/div><\/div><\/div><\/div><\/div><\/section><section class=\"l-section wpb_row height_auto width_full\"><div class=\"l-section-h i-cf\"><div class=\"g-cols vc_row via_flex valign_top type_default stacking_default\"><div class=\"vc_col-sm-12 wpb_column vc_column_container\"><div class=\"vc_column-inner\"><div class=\"wpb_wrapper\"><div class=\"w-separator size_small\"><\/div><\/div><\/div><\/div><\/div><\/div><\/section>\n","protected":false},"excerpt":{"rendered":"GALER\u00cdA RESERVAINFORMACI\u00d3N Y RESERVAS Aqu\u00ed","protected":false},"author":3,"featured_media":0,"parent":0,"menu_order":0,"comment_status":"closed","ping_status":"closed","template":"","meta":{"footnotes":""},"class_list":["post-9512","page","type-page","status-publish","hentry"],"acf":[],"_links":{"self":[{"href":"https:\/\/firefly.aero\/index.php\/wp-json\/wp\/v2\/pages\/9512","targetHints":{"allow":["GET"]}}],"collection":[{"href":"https:\/\/firefly.aero\/index.php\/wp-json\/wp\/v2\/pages"}],"about":[{"href":"https:\/\/firefly.aero\/index.php\/wp-json\/wp\/v2\/types\/page"}],"author":[{"embeddable":true,"href":"https:\/\/firefly.aero\/index.php\/wp-json\/wp\/v2\/users\/3"}],"replies":[{"embeddable":true,"href":"https:\/\/firefly.aero\/index.php\/wp-json\/wp\/v2\/comments?post=9512"}],"version-history":[{"count":28,"href":"https:\/\/firefly.aero\/index.php\/wp-json\/wp\/v2\/pages\/9512\/revisions"}],"predecessor-version":[{"id":10837,"href":"https:\/\/firefly.aero\/index.php\/wp-json\/wp\/v2\/pages\/9512\/revisions\/10837"}],"wp:attachment":[{"href":"https:\/\/firefly.aero\/index.php\/wp-json\/wp\/v2\/media?parent=9512"}],"curies":[{"name":"wp","href":"https:\/\/api.w.org\/{rel}","templated":true}]}}